{"id":259,"date":"2014-04-29T12:09:13","date_gmt":"2014-04-29T12:09:13","guid":{"rendered":"https:\/\/photonet.hu\/online\/?page_id=178"},"modified":"2014-09-11T09:30:17","modified_gmt":"2014-09-11T07:30:17","slug":"magazin","status":"publish","type":"page","link":"https:\/\/photonet.hu\/online\/magazin\/","title":{"rendered":"Photonet &#8211; online fot\u00f3s magazin"},"content":{"rendered":"<p>[srp number_post_option=&#8217;2&#8242; widget_title=&#8217;Magazin&#8217; widget_title_hide_option=&#8217;no&#8217; category_include=2 thumbnail_width=&#8217;100&#8242; thumbnail_height=&#8217;100&#8242; post_content_type=&#8217;excerpt&#8217; post_content_length=&#8217;10&#8217; post_content_length_mode=&#8217;words&#8217; string_break=&#8217; &#8230;&#8217; date_format=&#8217;Y. m D.]<\/p>\n<p>[srp number_post_option=&#8217;2&#8242; widget_title=&#8217;Fot\u00f3m\u0171v\u00e9szet&#8217; widget_title_hide_option=&#8217;no&#8217; category_include=3 thumbnail_width=&#8217;100&#8242; thumbnail_height=&#8217;100&#8242; post_content_type=&#8217;excerpt&#8217; post_content_length=&#8217;10&#8217; post_content_length_mode=&#8217;words&#8217; string_break=&#8217; &#8230;&#8217; post_format=&#8217;Y. m D.]<\/p>\n<p>[catlist id=4 numberposts=5 date=yes\u00a0excerpt=yes\u00a0excerpt_size=15 \u00a0title_limit=45\u00a0catlink=yes\u00a0thumbnail=yes\u00a0thumbnail_size=80,80]<\/p>\n","protected":false},"excerpt":{"rendered":"<p>[srp number_post_option=&#8217;2&#8242; widget_title=&#8217;Magazin&#8217; widget_title_hide_option=&#8217;no&#8217; category_include=2 thumbnail_width=&#8217;100&#8242; thumbnail_height=&#8217;100&#8242; post_content_type=&#8217;excerpt&#8217; post_content_length=&#8217;10&#8217; post_content_length_mode=&#8217;words&#8217; string_break=&#8217; &#8230;&#8217; date_format=&#8217;Y. m D.] [srp number_post_option=&#8217;2&#8242; widget_title=&#8217;Fot\u00f3m\u0171v\u00e9szet&#8217; widget_title_hide_option=&#8217;no&#8217; category_include=3 thumbnail_width=&#8217;100&#8242; thumbnail_height=&#8217;100&#8242; post_content_type=&#8217;excerpt&#8217; post_content_length=&#8217;10&#8217; post_content_length_mode=&#8217;words&#8217; string_break=&#8217; &#8230;&#8217; post_format=&#8217;Y. m D.] [catlist id=4 numberposts=5 date=yes\u00a0excerpt=yes\u00a0excerpt_size=15 \u00a0title_limit=45\u00a0catlink=yes\u00a0thumbnail=yes\u00a0thumbnail_size=80,80]<\/p>\n","protected":false},"author":1,"featured_media":0,"parent":0,"menu_order":0,"comment_status":"closed","ping_status":"open","template":"","meta":{"footnotes":""},"class_list":["post-259","page","type-page","status-publish"],"yoast_head":"<!-- This site is optimized with the Yoast SEO plugin v27.2 - https:\/\/yoast.com\/product\/yoast-seo-wordpress\/ -->\n<title>Photonet - online fot\u00f3s magazin - Photonet<\/title>\n<meta name=\"robots\" content=\"index, follow, max-snippet:-1, max-image-preview:large, max-video-preview:-1\" \/>\n<link rel=\"canonical\" href=\"https:\/\/photonet.hu\/online\/magazin\/\" \/>\n<meta property=\"og:locale\" content=\"hu_HU\" \/>\n<meta property=\"og:type\" content=\"article\" \/>\n<meta property=\"og:title\" content=\"Photonet - online fot\u00f3s magazin - Photonet\" \/>\n<meta property=\"og:description\" content=\"[srp number_post_option=&#8217;2&#8242; widget_title=&#8217;Magazin&#8217; widget_title_hide_option=&#8217;no&#8217; category_include=2 thumbnail_width=&#8217;100&#8242; thumbnail_height=&#8217;100&#8242; post_content_type=&#8217;excerpt&#8217; post_content_length=&#8217;10&#8217; post_content_length_mode=&#8217;words&#8217; string_break=&#8217; &#8230;&#8217; date_format=&#8217;Y. m D.] [srp number_post_option=&#8217;2&#8242; widget_title=&#8217;Fot\u00f3m\u0171v\u00e9szet&#8217; widget_title_hide_option=&#8217;no&#8217; category_include=3 thumbnail_width=&#8217;100&#8242; thumbnail_height=&#8217;100&#8242; post_content_type=&#8217;excerpt&#8217; post_content_length=&#8217;10&#8217; post_content_length_mode=&#8217;words&#8217; string_break=&#8217; &#8230;&#8217; post_format=&#8217;Y. m D.] [catlist id=4 numberposts=5 date=yes\u00a0excerpt=yes\u00a0excerpt_size=15 \u00a0title_limit=45\u00a0catlink=yes\u00a0thumbnail=yes\u00a0thumbnail_size=80,80]\" \/>\n<meta property=\"og:url\" content=\"https:\/\/photonet.hu\/online\/magazin\/\" \/>\n<meta property=\"og:site_name\" content=\"Photonet\" \/>\n<meta property=\"article:publisher\" content=\"https:\/\/www.facebook.com\/photonet.hu\" \/>\n<meta property=\"article:modified_time\" content=\"2014-09-11T07:30:17+00:00\" \/>\n<meta name=\"twitter:card\" content=\"summary_large_image\" \/>\n<meta name=\"twitter:site\" content=\"@photonethu\" \/>\n<meta name=\"twitter:label1\" content=\"Becs\u00fclt olvas\u00e1si id\u0151\" \/>\n\t<meta name=\"twitter:data1\" content=\"1 perc\" \/>\n<script type=\"application\/ld+json\" class=\"yoast-schema-graph\">{\"@context\":\"https:\/\/schema.org\",\"@graph\":[{\"@type\":\"WebPage\",\"@id\":\"https:\/\/photonet.hu\/online\/magazin\/\",\"url\":\"https:\/\/photonet.hu\/online\/magazin\/\",\"name\":\"Photonet - online fot\u00f3s magazin - Photonet\",\"isPartOf\":{\"@id\":\"\/#website\"},\"datePublished\":\"2014-04-29T12:09:13+00:00\",\"dateModified\":\"2014-09-11T07:30:17+00:00\",\"breadcrumb\":{\"@id\":\"https:\/\/photonet.hu\/online\/magazin\/#breadcrumb\"},\"inLanguage\":\"hu\",\"potentialAction\":[{\"@type\":\"ReadAction\",\"target\":[\"https:\/\/photonet.hu\/online\/magazin\/\"]}]},{\"@type\":\"BreadcrumbList\",\"@id\":\"https:\/\/photonet.hu\/online\/magazin\/#breadcrumb\",\"itemListElement\":[{\"@type\":\"ListItem\",\"position\":1,\"name\":\"Kezd\u0151lap\",\"item\":\"https:\/\/photonet.hu\/online\/\"},{\"@type\":\"ListItem\",\"position\":2,\"name\":\"Photonet &#8211; online fot\u00f3s magazin\"}]},{\"@type\":\"WebSite\",\"@id\":\"\/#website\",\"url\":\"\/\",\"name\":\"Photonet\",\"description\":\"Photonet - online fot\u00f3s magazin\",\"publisher\":{\"@id\":\"\/#organization\"},\"potentialAction\":[{\"@type\":\"SearchAction\",\"target\":{\"@type\":\"EntryPoint\",\"urlTemplate\":\"\/?s={search_term_string}\"},\"query-input\":{\"@type\":\"PropertyValueSpecification\",\"valueRequired\":true,\"valueName\":\"search_term_string\"}}],\"inLanguage\":\"hu\"},{\"@type\":\"Organization\",\"@id\":\"\/#organization\",\"name\":\"Photonet\",\"url\":\"\/\",\"logo\":{\"@type\":\"ImageObject\",\"inLanguage\":\"hu\",\"@id\":\"\/#\/schema\/logo\/image\/\",\"url\":\"https:\/\/photonet.hu\/online\/wp-content\/uploads\/2026\/02\/photonet_lens_shutter_512.png\",\"contentUrl\":\"https:\/\/photonet.hu\/online\/wp-content\/uploads\/2026\/02\/photonet_lens_shutter_512.png\",\"width\":512,\"height\":512,\"caption\":\"Photonet\"},\"image\":{\"@id\":\"\/#\/schema\/logo\/image\/\"},\"sameAs\":[\"https:\/\/www.facebook.com\/photonet.hu\",\"https:\/\/x.com\/photonethu\",\"https:\/\/www.pinterest.com\/acsienator\/photography\/\"]}]}<\/script>\n<!-- \/ Yoast SEO plugin. -->","yoast_head_json":{"title":"Photonet - online fot\u00f3s magazin - Photonet","robots":{"index":"index","follow":"follow","max-snippet":"max-snippet:-1","max-image-preview":"max-image-preview:large","max-video-preview":"max-video-preview:-1"},"canonical":"https:\/\/photonet.hu\/online\/magazin\/","og_locale":"hu_HU","og_type":"article","og_title":"Photonet - online fot\u00f3s magazin - Photonet","og_description":"[srp number_post_option=&#8217;2&#8242; widget_title=&#8217;Magazin&#8217; widget_title_hide_option=&#8217;no&#8217; category_include=2 thumbnail_width=&#8217;100&#8242; thumbnail_height=&#8217;100&#8242; post_content_type=&#8217;excerpt&#8217; post_content_length=&#8217;10&#8217; post_content_length_mode=&#8217;words&#8217; string_break=&#8217; &#8230;&#8217; date_format=&#8217;Y. m D.] [srp number_post_option=&#8217;2&#8242; widget_title=&#8217;Fot\u00f3m\u0171v\u00e9szet&#8217; widget_title_hide_option=&#8217;no&#8217; category_include=3 thumbnail_width=&#8217;100&#8242; thumbnail_height=&#8217;100&#8242; post_content_type=&#8217;excerpt&#8217; post_content_length=&#8217;10&#8217; post_content_length_mode=&#8217;words&#8217; string_break=&#8217; &#8230;&#8217; post_format=&#8217;Y. m D.] [catlist id=4 numberposts=5 date=yes\u00a0excerpt=yes\u00a0excerpt_size=15 \u00a0title_limit=45\u00a0catlink=yes\u00a0thumbnail=yes\u00a0thumbnail_size=80,80]","og_url":"https:\/\/photonet.hu\/online\/magazin\/","og_site_name":"Photonet","article_publisher":"https:\/\/www.facebook.com\/photonet.hu","article_modified_time":"2014-09-11T07:30:17+00:00","twitter_card":"summary_large_image","twitter_site":"@photonethu","twitter_misc":{"Becs\u00fclt olvas\u00e1si id\u0151":"1 perc"},"schema":{"@context":"https:\/\/schema.org","@graph":[{"@type":"WebPage","@id":"https:\/\/photonet.hu\/online\/magazin\/","url":"https:\/\/photonet.hu\/online\/magazin\/","name":"Photonet - online fot\u00f3s magazin - Photonet","isPartOf":{"@id":"\/#website"},"datePublished":"2014-04-29T12:09:13+00:00","dateModified":"2014-09-11T07:30:17+00:00","breadcrumb":{"@id":"https:\/\/photonet.hu\/online\/magazin\/#breadcrumb"},"inLanguage":"hu","potentialAction":[{"@type":"ReadAction","target":["https:\/\/photonet.hu\/online\/magazin\/"]}]},{"@type":"BreadcrumbList","@id":"https:\/\/photonet.hu\/online\/magazin\/#breadcrumb","itemListElement":[{"@type":"ListItem","position":1,"name":"Kezd\u0151lap","item":"https:\/\/photonet.hu\/online\/"},{"@type":"ListItem","position":2,"name":"Photonet &#8211; online fot\u00f3s magazin"}]},{"@type":"WebSite","@id":"\/#website","url":"\/","name":"Photonet","description":"Photonet - online fot\u00f3s magazin","publisher":{"@id":"\/#organization"},"potentialAction":[{"@type":"SearchAction","target":{"@type":"EntryPoint","urlTemplate":"\/?s={search_term_string}"},"query-input":{"@type":"PropertyValueSpecification","valueRequired":true,"valueName":"search_term_string"}}],"inLanguage":"hu"},{"@type":"Organization","@id":"\/#organization","name":"Photonet","url":"\/","logo":{"@type":"ImageObject","inLanguage":"hu","@id":"\/#\/schema\/logo\/image\/","url":"https:\/\/photonet.hu\/online\/wp-content\/uploads\/2026\/02\/photonet_lens_shutter_512.png","contentUrl":"https:\/\/photonet.hu\/online\/wp-content\/uploads\/2026\/02\/photonet_lens_shutter_512.png","width":512,"height":512,"caption":"Photonet"},"image":{"@id":"\/#\/schema\/logo\/image\/"},"sameAs":["https:\/\/www.facebook.com\/photonet.hu","https:\/\/x.com\/photonethu","https:\/\/www.pinterest.com\/acsienator\/photography\/"]}]}},"_links":{"self":[{"href":"https:\/\/photonet.hu\/online\/wp-json\/wp\/v2\/pages\/259","targetHints":{"allow":["GET"]}}],"collection":[{"href":"https:\/\/photonet.hu\/online\/wp-json\/wp\/v2\/pages"}],"about":[{"href":"https:\/\/photonet.hu\/online\/wp-json\/wp\/v2\/types\/page"}],"author":[{"embeddable":true,"href":"https:\/\/photonet.hu\/online\/wp-json\/wp\/v2\/users\/1"}],"replies":[{"embeddable":true,"href":"https:\/\/photonet.hu\/online\/wp-json\/wp\/v2\/comments?post=259"}],"version-history":[{"count":0,"href":"https:\/\/photonet.hu\/online\/wp-json\/wp\/v2\/pages\/259\/revisions"}],"wp:attachment":[{"href":"https:\/\/photonet.hu\/online\/wp-json\/wp\/v2\/media?parent=259"}],"curies":[{"name":"wp","href":"https:\/\/api.w.org\/{rel}","templated":true}]}}