{"id":1175,"date":"2015-10-19T13:50:39","date_gmt":"2015-10-19T11:50:39","guid":{"rendered":"https:\/\/photonet.hu\/online\/?page_id=1175"},"modified":"2026-04-09T13:37:02","modified_gmt":"2026-04-09T11:37:02","slug":"adatvedelmi-nyilatkozat","status":"publish","type":"page","link":"https:\/\/photonet.hu\/online\/adatvedelmi-nyilatkozat\/","title":{"rendered":"Adatv\u00e9delmi nyilatkozat"},"content":{"rendered":"<p>A photonet.hu adatv\u00e9delmi nyilatkozata (Privacy Policy)<\/p>\n<p>A honlap haszn\u00e1lata sor\u00e1n megadott \u00e9s egy\u00e9bk\u00e9nt a honlap \u00fczemeltet\u0151j\u00e9hez ker\u00fclt szem\u00e9lyes adatok kezel\u00e9se tekintet\u00e9ben a honlap \u00fczemeltet\u0151je marad\u00e9ktalanul betartja az elektronikus h\u00edrk\u00f6zl\u00e9sr\u0151l sz\u00f3l\u00f3 \u00e9s az elektronikus h\u00edrk\u00f6zl\u00e9si szolg\u00e1ltat\u00f3 adatkezel\u00e9s\u00e9nek k\u00fcl\u00f6n\u00f6s felt\u00e9teleir\u0151l sz\u00f3l\u00f3 korm\u00e1nyrendeletet, valamint a k\u00f6z\u00e9rdek\u0171 adatok nyilv\u00e1noss\u00e1g\u00e1r\u00f3l sz\u00f3l\u00f3 1992. \u00e9vi LXIII. t\u00f6rv\u00e9ny rendelkez\u00e9seit \u00e9s el\u0151\u00edr\u00e1sait. A felhaszn\u00e1l\u00f3 adatait kiz\u00e1r\u00f3lag abban a k\u00f6rben kezeli, amelyhez a felhaszn\u00e1l\u00f3 kifejezett hozz\u00e1j\u00e1rul\u00e1s\u00e1t adta.<\/p>\n<p>A photonet.hu \u00fczemeltet\u0151je, az Icon Solution Management Kft. kijelenti, hogy a honlap felhaszn\u00e1l\u00f3i \u00e1ltal ny\u00fajtott szem\u00e9lyes adatokat, inform\u00e1ci\u00f3kat az adatv\u00e9delmi szab\u00e1lyok tiszteletben tart\u00e1s\u00e1val adatkezel\u0151k\u00e9nt saj\u00e1t maga kezeli. A szem\u00e9lyes adatokat &#8211; az adatv\u00e9delmi szab\u00e1lyokban biztos\u00edtott kiv\u00e9telekt\u0151l eltekintve &#8211; nem hozza harmadik, illet\u00e9ktelen szem\u00e9ly tudom\u00e1s\u00e1ra, m\u00edg az egy\u00e9b szem\u00e9lyesnek nem min\u0151s\u00fcl\u0151 adatait szabadon haszn\u00e1lhatja fel.<\/p>\n<p>A photonet.hu oldalainak megtekint\u00e9se szem\u00e9lyes adatok megad\u00e1sa n\u00e9lk\u00fcl is lehets\u00e9ges, az regisztr\u00e1ci\u00f3hoz nem k\u00f6t\u00f6tt. Szem\u00e9lyes adatok megad\u00e1s\u00e1ra csak a periodikus h\u00edrlevelek kik\u00fcld\u00e9s\u00e9hez van sz\u00fcks\u00e9g, mely minden esetben \u00f6nk\u00e9ntes. Ezekre az adatokra az\u00e9rt van sz\u00fcks\u00e9g, hogy ezek seg\u00edts\u00e9g\u00e9vel kapcsolatba l\u00e9phess\u00fcnk a l\u00e1togat\u00f3val.<\/p>\n<p>A honlapra l\u00e1togat\u00f3k sz\u00e1m\u00edt\u00f3g\u00e9peinek \u00e9s a sz\u00e1m\u00edt\u00f3g\u00e9pekre telep\u00edtett szoftverek bizonyos adatai r\u00f6gz\u00edt\u00e9sre ker\u00fclhetnek statisztikai c\u00e9lb\u00f3l, mint p\u00e9ld\u00e1ul az IP-c\u00edm, b\u00f6ng\u00e9sz\u0151 t\u00edpusa, oper\u00e1ci\u00f3s rendszer, tartom\u00e1nyn\u00e9v, l\u00e1togat\u00e1s id\u0151pontjai \u00e9s azon honlapok c\u00edmei, ahonnan a l\u00e1togat\u00f3 a honlapra \u00e9rkezett.<\/p>\n<h2>Cookie (s\u00fcti) haszn\u00e1lat<\/h2>\n<p>Egyes szolg\u00e1ltat\u00e1saink egyedi azonos\u00edt\u00f3t, \u00fagynevezett cookie-t helyeznek el felhaszn\u00e1l\u00f3ink sz\u00e1m\u00edt\u00f3g\u00e9p\u00e9n.<\/p>\n<p>A photonet.hu szolg\u00e1ltat\u00e1sainak fenntart\u00e1sa, fejleszt\u00e9se, valamint a felhaszn\u00e1l\u00f3i \u00e9lm\u00e9ny fokoz\u00e1sa \u00e9rdek\u00e9ben \u00fan. cookie-kat (s\u00fctiket) haszn\u00e1l. A photonet.hu haszn\u00e1lat\u00e1val \u00d6n elfogadja az oldal s\u00fctikre vonatkoz\u00f3 \u00f6sszes aktu\u00e1lis ir\u00e1nyelv\u00e9t, valamint adatv\u00e9delmi nyilatkozat\u00e1t.<\/p>\n<p>A s\u00fctik a b\u00f6ng\u00e9sz\u0151 \u00e1ltal a felhaszn\u00e1l\u00f3 eszk\u00f6z\u00e9re helyezett, kism\u00e9ret\u0171 sz\u00f6veges azonos\u00edt\u00e1st \u00e9s inform\u00e1ci\u00f3gy\u0171jt\u00e9st v\u00e9gz\u0151 \u00e1llom\u00e1nyok. A cookie egy egyedi sz\u00e1msorb\u00f3l \u00e1ll, \u00e9s els\u0151sorban a weblapot let\u00f6lt\u0151 sz\u00e1m\u00edt\u00f3g\u00e9pek \u00e9s egy\u00e9b eszk\u00f6z\u00f6k megk\u00fcl\u00f6nb\u00f6ztet\u00e9s\u00e9re szolg\u00e1l.<\/p>\n<p>Az \u00d6n sz\u00e1m\u00edt\u00f3g\u00e9p\u00e9t \u00e9rint\u0151 s\u00fctik be\u00e1ll\u00edt\u00e1s\u00e1t szab\u00e1lyozhatja b\u00f6ng\u00e9sz\u0151j\u00e9ben, \u00d6n mint felhaszn\u00e1l\u00f3 megakad\u00e1lyozhatja, hogy bizonyos kiszolg\u00e1l\u00f3k cookie-kat, s\u00fcti file-okat helyezzenek az eszk\u00f6z\u00e9re, illetve a harmadik f\u00e9lt\u0151l sz\u00e1rmaz\u00f3 s\u00fctikr\u0151l \u00e9s azok be\u00e1ll\u00edt\u00e1sair\u00f3l az al\u00e1bbi weboldalon tud t\u00e1j\u00e9koz\u00f3dni: http:\/\/www.youronlinechoices.com\/hu\/ad-choices<\/p>\n<p>Arr\u00f3l, hogy hogyan haszn\u00e1lja a Google a cookie-kat, itt olvashat b\u0151vebben (l\u00e1togt\u00f3k m\u00e9r\u00e9se, hirdet\u00e9sek): http:\/\/www.google.hu\/intl\/hu\/policies\/technologies\/cookies\/<\/p>\n<h2>Google<\/h2>\n<p>A Google hirdet\u00e9sek ir\u00e1nyelveit a Google Hirdet\u00e9si Alapelveiben fekteti le. Err\u0151l b\u0151vebbet itt olvashat: https:\/\/support.google.com\/adwordspolicy\/answer\/1316548?hl=hu<\/p>\n<p>A Google Adsense hirdet\u00e9seit haszn\u00e1ljuk.<\/p>\n<p>A Google, mint harmadik f\u00e9l rekl\u00e1m kiszolg\u00e1l\u00f3ja cookie-kat (s\u00fctiket) haszn\u00e1l, hogy a hirdet\u00e9seit az oldalon megjelen\u00edtse. A Google DART cookie (s\u00fcti) lehet\u0151v\u00e9 teszi, hogy az oldal l\u00e1togat\u00f3inak hirdet\u00e9seket jelen\u00edtsen meg az interneten. A felhaszn\u00e1l\u00f3k kijelentkezhetnek a cookie haszn\u00e1lata al\u00f3l \u00fagy, hogy felkeresik a Google rekl\u00e1m \u00e9s tartalom szolg\u00e1ltat\u00e1si oldal\u00e1t.<\/p>\n<p>Az oldalunkon a k\u00f6vetkez\u0151 Google term\u00e9keket haszn\u00e1ljuk:<br \/>\n&#8211; Google Adsense Remarketing<br \/>\n&#8211; Google Display Network megjelen\u00e9s jelent\u00e9s<br \/>\n&#8211; Demogr\u00e1fiai \u00e9s \u00e9rdekl\u0151d\u00e9s jelent\u00e9s<br \/>\n&#8211; DoubleClick Platform Integration<\/p>\n<p>Harmadik f\u00e9l \u00e1ltal alkalmazott cookie-k, mint p\u00e9ld\u00e1ul Google Analytics cookie-k \u00e9s DoubleClick cookie-k a felhaszn\u00e1l\u00f3k rekl\u00e1mokkal kapcsolatos viselked\u00e9s\u00e9t azonos\u00edtj\u00e1k.<\/p>\n<p>Kijelentkez\u00e9s<br \/>\nA felhaszn\u00e1l\u00f3k be\u00e1ll\u00edthatj\u00e1k, hogy hogyan alkalmazza a Google a cookie-k haszn\u00e1lat\u00e1t, illetve kijelentkezhetnek a cookie-k haszn\u00e1lata al\u00f3l \u00fagy, hogy felkeresik a Network Advertising ir\u00e1nyelveket \u00e9s a b\u00f6ng\u00e9sz\u0151j\u00fck kiterjeszt\u00e9s\u00e9ben kikapcsolj\u00e1k a cookie-k elfogad\u00e1s\u00e1t.<\/p>\n<p><strong>A honlap \u00fczemeltet\u0151je:<\/strong><br \/>\nIcon Solution Management Kft.<br \/>\n1113. Budapest<br \/>\nK\u00f6k\u00f6rcsin utca 9.<\/p>\n","protected":false},"excerpt":{"rendered":"<p>A photonet.hu adatv\u00e9delmi nyilatkozata (Privacy Policy) A honlap haszn\u00e1lata sor\u00e1n megadott \u00e9s egy\u00e9bk\u00e9nt a honlap \u00fczemeltet\u0151j\u00e9hez ker\u00fclt szem\u00e9lyes adatok kezel\u00e9se tekintet\u00e9ben a honlap \u00fczemeltet\u0151je marad\u00e9ktalanul betartja az elektronikus h\u00edrk\u00f6zl\u00e9sr\u0151l sz\u00f3l\u00f3 \u00e9s az elektronikus h\u00edrk\u00f6zl\u00e9si szolg\u00e1ltat\u00f3 adatkezel\u00e9s\u00e9nek k\u00fcl\u00f6n\u00f6s felt\u00e9teleir\u0151l sz\u00f3l\u00f3 korm\u00e1nyrendeletet, valamint a k\u00f6z\u00e9rdek\u0171 adatok nyilv\u00e1noss\u00e1g\u00e1r\u00f3l sz\u00f3l\u00f3 1992. \u00e9vi LXIII. t\u00f6rv\u00e9ny rendelkez\u00e9seit \u00e9s el\u0151\u00edr\u00e1sait. A felhaszn\u00e1l\u00f3 [&hellip;]<\/p>\n","protected":false},"author":1,"featured_media":0,"parent":0,"menu_order":0,"comment_status":"closed","ping_status":"closed","template":"","meta":{"footnotes":""},"class_list":["post-1175","page","type-page","status-publish"],"yoast_head":"<!-- This site is optimized with the Yoast SEO plugin v27.2 - https:\/\/yoast.com\/product\/yoast-seo-wordpress\/ -->\n<title>Adatv\u00e9delmi nyilatkozat - Photonet<\/title>\n<meta name=\"robots\" content=\"noindex, follow\" \/>\n<meta property=\"og:locale\" content=\"hu_HU\" \/>\n<meta property=\"og:type\" content=\"article\" \/>\n<meta property=\"og:title\" content=\"Adatv\u00e9delmi nyilatkozat - Photonet\" \/>\n<meta property=\"og:description\" content=\"A photonet.hu adatv\u00e9delmi nyilatkozata (Privacy Policy) A honlap haszn\u00e1lata sor\u00e1n megadott \u00e9s egy\u00e9bk\u00e9nt a honlap \u00fczemeltet\u0151j\u00e9hez ker\u00fclt szem\u00e9lyes adatok kezel\u00e9se tekintet\u00e9ben a honlap \u00fczemeltet\u0151je marad\u00e9ktalanul betartja az elektronikus h\u00edrk\u00f6zl\u00e9sr\u0151l sz\u00f3l\u00f3 \u00e9s az elektronikus h\u00edrk\u00f6zl\u00e9si szolg\u00e1ltat\u00f3 adatkezel\u00e9s\u00e9nek k\u00fcl\u00f6n\u00f6s felt\u00e9teleir\u0151l sz\u00f3l\u00f3 korm\u00e1nyrendeletet, valamint a k\u00f6z\u00e9rdek\u0171 adatok nyilv\u00e1noss\u00e1g\u00e1r\u00f3l sz\u00f3l\u00f3 1992. \u00e9vi LXIII. t\u00f6rv\u00e9ny rendelkez\u00e9seit \u00e9s el\u0151\u00edr\u00e1sait. A felhaszn\u00e1l\u00f3 [&hellip;]\" \/>\n<meta property=\"og:url\" content=\"https:\/\/photonet.hu\/online\/adatvedelmi-nyilatkozat\/\" \/>\n<meta property=\"og:site_name\" content=\"Photonet\" \/>\n<meta property=\"article:publisher\" content=\"https:\/\/www.facebook.com\/photonet.hu\" \/>\n<meta property=\"article:modified_time\" content=\"2026-04-09T11:37:02+00:00\" \/>\n<meta name=\"twitter:card\" content=\"summary_large_image\" \/>\n<meta name=\"twitter:site\" content=\"@photonethu\" \/>\n<meta name=\"twitter:label1\" content=\"Becs\u00fclt olvas\u00e1si id\u0151\" \/>\n\t<meta name=\"twitter:data1\" content=\"3 perc\" \/>\n<script type=\"application\/ld+json\" class=\"yoast-schema-graph\">{\"@context\":\"https:\/\/schema.org\",\"@graph\":[{\"@type\":\"WebPage\",\"@id\":\"https:\/\/photonet.hu\/online\/adatvedelmi-nyilatkozat\/\",\"url\":\"https:\/\/photonet.hu\/online\/adatvedelmi-nyilatkozat\/\",\"name\":\"Adatv\u00e9delmi nyilatkozat - Photonet\",\"isPartOf\":{\"@id\":\"\/#website\"},\"datePublished\":\"2015-10-19T11:50:39+00:00\",\"dateModified\":\"2026-04-09T11:37:02+00:00\",\"breadcrumb\":{\"@id\":\"https:\/\/photonet.hu\/online\/adatvedelmi-nyilatkozat\/#breadcrumb\"},\"inLanguage\":\"hu\",\"potentialAction\":[{\"@type\":\"ReadAction\",\"target\":[\"https:\/\/photonet.hu\/online\/adatvedelmi-nyilatkozat\/\"]}]},{\"@type\":\"BreadcrumbList\",\"@id\":\"https:\/\/photonet.hu\/online\/adatvedelmi-nyilatkozat\/#breadcrumb\",\"itemListElement\":[{\"@type\":\"ListItem\",\"position\":1,\"name\":\"Kezd\u0151lap\",\"item\":\"https:\/\/photonet.hu\/online\/\"},{\"@type\":\"ListItem\",\"position\":2,\"name\":\"Adatv\u00e9delmi nyilatkozat\"}]},{\"@type\":\"WebSite\",\"@id\":\"\/#website\",\"url\":\"\/\",\"name\":\"Photonet\",\"description\":\"Photonet - online fot\u00f3s magazin\",\"publisher\":{\"@id\":\"\/#organization\"},\"potentialAction\":[{\"@type\":\"SearchAction\",\"target\":{\"@type\":\"EntryPoint\",\"urlTemplate\":\"\/?s={search_term_string}\"},\"query-input\":{\"@type\":\"PropertyValueSpecification\",\"valueRequired\":true,\"valueName\":\"search_term_string\"}}],\"inLanguage\":\"hu\"},{\"@type\":\"Organization\",\"@id\":\"\/#organization\",\"name\":\"Photonet\",\"url\":\"\/\",\"logo\":{\"@type\":\"ImageObject\",\"inLanguage\":\"hu\",\"@id\":\"\/#\/schema\/logo\/image\/\",\"url\":\"https:\/\/photonet.hu\/online\/wp-content\/uploads\/2026\/02\/photonet_lens_shutter_512.png\",\"contentUrl\":\"https:\/\/photonet.hu\/online\/wp-content\/uploads\/2026\/02\/photonet_lens_shutter_512.png\",\"width\":512,\"height\":512,\"caption\":\"Photonet\"},\"image\":{\"@id\":\"\/#\/schema\/logo\/image\/\"},\"sameAs\":[\"https:\/\/www.facebook.com\/photonet.hu\",\"https:\/\/x.com\/photonethu\",\"https:\/\/www.pinterest.com\/acsienator\/photography\/\"]}]}<\/script>\n<!-- \/ Yoast SEO plugin. -->","yoast_head_json":{"title":"Adatv\u00e9delmi nyilatkozat - Photonet","robots":{"index":"noindex","follow":"follow"},"og_locale":"hu_HU","og_type":"article","og_title":"Adatv\u00e9delmi nyilatkozat - Photonet","og_description":"A photonet.hu adatv\u00e9delmi nyilatkozata (Privacy Policy) A honlap haszn\u00e1lata sor\u00e1n megadott \u00e9s egy\u00e9bk\u00e9nt a honlap \u00fczemeltet\u0151j\u00e9hez ker\u00fclt szem\u00e9lyes adatok kezel\u00e9se tekintet\u00e9ben a honlap \u00fczemeltet\u0151je marad\u00e9ktalanul betartja az elektronikus h\u00edrk\u00f6zl\u00e9sr\u0151l sz\u00f3l\u00f3 \u00e9s az elektronikus h\u00edrk\u00f6zl\u00e9si szolg\u00e1ltat\u00f3 adatkezel\u00e9s\u00e9nek k\u00fcl\u00f6n\u00f6s felt\u00e9teleir\u0151l sz\u00f3l\u00f3 korm\u00e1nyrendeletet, valamint a k\u00f6z\u00e9rdek\u0171 adatok nyilv\u00e1noss\u00e1g\u00e1r\u00f3l sz\u00f3l\u00f3 1992. \u00e9vi LXIII. t\u00f6rv\u00e9ny rendelkez\u00e9seit \u00e9s el\u0151\u00edr\u00e1sait. A felhaszn\u00e1l\u00f3 [&hellip;]","og_url":"https:\/\/photonet.hu\/online\/adatvedelmi-nyilatkozat\/","og_site_name":"Photonet","article_publisher":"https:\/\/www.facebook.com\/photonet.hu","article_modified_time":"2026-04-09T11:37:02+00:00","twitter_card":"summary_large_image","twitter_site":"@photonethu","twitter_misc":{"Becs\u00fclt olvas\u00e1si id\u0151":"3 perc"},"schema":{"@context":"https:\/\/schema.org","@graph":[{"@type":"WebPage","@id":"https:\/\/photonet.hu\/online\/adatvedelmi-nyilatkozat\/","url":"https:\/\/photonet.hu\/online\/adatvedelmi-nyilatkozat\/","name":"Adatv\u00e9delmi nyilatkozat - Photonet","isPartOf":{"@id":"\/#website"},"datePublished":"2015-10-19T11:50:39+00:00","dateModified":"2026-04-09T11:37:02+00:00","breadcrumb":{"@id":"https:\/\/photonet.hu\/online\/adatvedelmi-nyilatkozat\/#breadcrumb"},"inLanguage":"hu","potentialAction":[{"@type":"ReadAction","target":["https:\/\/photonet.hu\/online\/adatvedelmi-nyilatkozat\/"]}]},{"@type":"BreadcrumbList","@id":"https:\/\/photonet.hu\/online\/adatvedelmi-nyilatkozat\/#breadcrumb","itemListElement":[{"@type":"ListItem","position":1,"name":"Kezd\u0151lap","item":"https:\/\/photonet.hu\/online\/"},{"@type":"ListItem","position":2,"name":"Adatv\u00e9delmi nyilatkozat"}]},{"@type":"WebSite","@id":"\/#website","url":"\/","name":"Photonet","description":"Photonet - online fot\u00f3s magazin","publisher":{"@id":"\/#organization"},"potentialAction":[{"@type":"SearchAction","target":{"@type":"EntryPoint","urlTemplate":"\/?s={search_term_string}"},"query-input":{"@type":"PropertyValueSpecification","valueRequired":true,"valueName":"search_term_string"}}],"inLanguage":"hu"},{"@type":"Organization","@id":"\/#organization","name":"Photonet","url":"\/","logo":{"@type":"ImageObject","inLanguage":"hu","@id":"\/#\/schema\/logo\/image\/","url":"https:\/\/photonet.hu\/online\/wp-content\/uploads\/2026\/02\/photonet_lens_shutter_512.png","contentUrl":"https:\/\/photonet.hu\/online\/wp-content\/uploads\/2026\/02\/photonet_lens_shutter_512.png","width":512,"height":512,"caption":"Photonet"},"image":{"@id":"\/#\/schema\/logo\/image\/"},"sameAs":["https:\/\/www.facebook.com\/photonet.hu","https:\/\/x.com\/photonethu","https:\/\/www.pinterest.com\/acsienator\/photography\/"]}]}},"_links":{"self":[{"href":"https:\/\/photonet.hu\/online\/wp-json\/wp\/v2\/pages\/1175","targetHints":{"allow":["GET"]}}],"collection":[{"href":"https:\/\/photonet.hu\/online\/wp-json\/wp\/v2\/pages"}],"about":[{"href":"https:\/\/photonet.hu\/online\/wp-json\/wp\/v2\/types\/page"}],"author":[{"embeddable":true,"href":"https:\/\/photonet.hu\/online\/wp-json\/wp\/v2\/users\/1"}],"replies":[{"embeddable":true,"href":"https:\/\/photonet.hu\/online\/wp-json\/wp\/v2\/comments?post=1175"}],"version-history":[{"count":1,"href":"https:\/\/photonet.hu\/online\/wp-json\/wp\/v2\/pages\/1175\/revisions"}],"predecessor-version":[{"id":1864,"href":"https:\/\/photonet.hu\/online\/wp-json\/wp\/v2\/pages\/1175\/revisions\/1864"}],"wp:attachment":[{"href":"https:\/\/photonet.hu\/online\/wp-json\/wp\/v2\/media?parent=1175"}],"curies":[{"name":"wp","href":"https:\/\/api.w.org\/{rel}","templated":true}]}}